{"id":5635,"date":"2025-08-26T20:08:08","date_gmt":"2025-08-26T20:08:08","guid":{"rendered":"https:\/\/jugbitten.store\/jugbitten-gallery\/"},"modified":"2025-08-27T22:12:10","modified_gmt":"2025-08-27T22:12:10","slug":"jugbitten-gallery","status":"publish","type":"page","link":"https:\/\/jugbitten.store\/en\/jugbitten-gallery\/","title":{"rendered":"JUGBITTEN Gallery"},"content":{"rendered":"\t\t<div data-elementor-type=\"wp-page\" data-elementor-id=\"5635\" class=\"elementor elementor-5635 elementor-5509\">\n\t\t\t\t<div class=\"elementor-element elementor-element-42b79af e-flex e-con-boxed e-con e-parent\" data-id=\"42b79af\" data-element_type=\"container\" data-e-type=\"container\">\n\t\t\t\t\t<div class=\"e-con-inner\">\n\t\t\t\t<div class=\"elementor-element elementor-element-1811b52 elementor-widget elementor-widget-heading\" data-id=\"1811b52\" data-element_type=\"widget\" data-e-type=\"widget\" data-widget_type=\"heading.default\">\n\t\t\t\t<div class=\"elementor-widget-container\">\n\t\t\t\t\t<div class=\"elementor-heading-title elementor-size-default\"><a href=\"https:\/\/instagram.com\/arulkhoja\/\">Photos by Arul Khoja @arulkhoja<\/a><\/div>\t\t\t\t<\/div>\n\t\t\t\t<\/div>\n\t\t\t\t<div class=\"elementor-element elementor-element-651585b elementor-arrows-position-inside elementor-pagination-position-outside elementor-widget elementor-widget-image-carousel\" data-id=\"651585b\" data-element_type=\"widget\" data-e-type=\"widget\" data-settings=\"{&quot;lazyload&quot;:&quot;yes&quot;,&quot;image_spacing_custom&quot;:{&quot;unit&quot;:&quot;px&quot;,&quot;size&quot;:30,&quot;sizes&quot;:[]},&quot;navigation&quot;:&quot;both&quot;,&quot;autoplay&quot;:&quot;yes&quot;,&quot;pause_on_hover&quot;:&quot;yes&quot;,&quot;pause_on_interaction&quot;:&quot;yes&quot;,&quot;autoplay_speed&quot;:5000,&quot;infinite&quot;:&quot;yes&quot;,&quot;speed&quot;:500,&quot;image_spacing_custom_tablet&quot;:{&quot;unit&quot;:&quot;px&quot;,&quot;size&quot;:&quot;&quot;,&quot;sizes&quot;:[]},&quot;image_spacing_custom_mobile&quot;:{&quot;unit&quot;:&quot;px&quot;,&quot;size&quot;:&quot;&quot;,&quot;sizes&quot;:[]}}\" data-widget_type=\"image-carousel.default\">\n\t\t\t\t<div class=\"elementor-widget-container\">\n\t\t\t\t\t\t\t<div class=\"elementor-image-carousel-wrapper swiper\" role=\"region\" aria-roledescription=\"carousel\" aria-label=\"by Arul Khoja\" dir=\"ltr\">\n\t\t\t<div class=\"elementor-image-carousel swiper-wrapper\" aria-live=\"off\">\n\t\t\t\t\t\t\t\t<div class=\"swiper-slide\" role=\"group\" aria-roledescription=\"slide\" aria-label=\"1 of 5\"><figure class=\"swiper-slide-inner\"><img class=\"swiper-slide-image swiper-lazy\" data-src=\"https:\/\/jugbitten.store\/wp-content\/uploads\/2025\/08\/DSCF8764-3-scaled.jpg\" alt=\"Mustavalkoinen kuva Jugbitten-kellosta, suomalainen k\u00e4sintehty design\" \/><div class=\"swiper-lazy-preloader\"><\/div><\/figure><\/div><div class=\"swiper-slide\" role=\"group\" aria-roledescription=\"slide\" aria-label=\"2 of 5\"><figure class=\"swiper-slide-inner\"><img class=\"swiper-slide-image swiper-lazy\" data-src=\"https:\/\/jugbitten.store\/wp-content\/uploads\/2025\/08\/DSCF8262-scaled.jpg\" alt=\"Jugbitten 363 rannekellot vierekk\u00e4in k\u00e4sity\u00f6n\u00e4 valmistetun korkkikankaisen kellopussin p\u00e4\u00e4ll\u00e4\" \/><div class=\"swiper-lazy-preloader\"><\/div><\/figure><\/div><div class=\"swiper-slide\" role=\"group\" aria-roledescription=\"slide\" aria-label=\"3 of 5\"><figure class=\"swiper-slide-inner\"><img class=\"swiper-slide-image swiper-lazy\" data-src=\"https:\/\/jugbitten.store\/wp-content\/uploads\/2025\/08\/DSCF8477-scaled.jpg\" alt=\"Jugbitten 363 Automatic, 36mm ja 39mm kellot rinnakkain\" \/><div class=\"swiper-lazy-preloader\"><\/div><\/figure><\/div><div class=\"swiper-slide\" role=\"group\" aria-roledescription=\"slide\" aria-label=\"4 of 5\"><figure class=\"swiper-slide-inner\"><img class=\"swiper-slide-image swiper-lazy\" data-src=\"https:\/\/jugbitten.store\/wp-content\/uploads\/2025\/08\/DSCF8476-scaled.jpg\" alt=\"Jugbitten 363 Automatic -kello ranteessa, suunniteltu ja koottu Suomessa\" \/><div class=\"swiper-lazy-preloader\"><\/div><\/figure><\/div><div class=\"swiper-slide\" role=\"group\" aria-roledescription=\"slide\" aria-label=\"5 of 5\"><figure class=\"swiper-slide-inner\"><img class=\"swiper-slide-image swiper-lazy\" data-src=\"https:\/\/jugbitten.store\/wp-content\/uploads\/2025\/08\/DSCF8489-scaled.jpg\" alt=\"Jugbitten-kellot 36mm ja 39mm koossa vierekk\u00e4in, suomalainen design\" \/><div class=\"swiper-lazy-preloader\"><\/div><\/figure><\/div>\t\t\t<\/div>\n\t\t\t\t\t\t\t\t\t\t\t\t<div class=\"elementor-swiper-button elementor-swiper-button-prev\" role=\"button\" tabindex=\"0\">\n\t\t\t\t\t\t<svg aria-hidden=\"true\" class=\"e-font-icon-svg e-eicon-chevron-left\" viewBox=\"0 0 1000 1000\" xmlns=\"http:\/\/www.w3.org\/2000\/svg\"><path d=\"M646 125C629 125 613 133 604 142L308 442C296 454 292 471 292 487 292 504 296 521 308 533L604 854C617 867 629 875 646 875 663 875 679 871 692 858 704 846 713 829 713 812 713 796 708 779 692 767L438 487 692 225C700 217 708 204 708 187 708 171 704 154 692 142 675 129 663 125 646 125Z\"><\/path><\/svg>\t\t\t\t\t<\/div>\n\t\t\t\t\t<div class=\"elementor-swiper-button elementor-swiper-button-next\" role=\"button\" tabindex=\"0\">\n\t\t\t\t\t\t<svg aria-hidden=\"true\" class=\"e-font-icon-svg e-eicon-chevron-right\" viewBox=\"0 0 1000 1000\" xmlns=\"http:\/\/www.w3.org\/2000\/svg\"><path d=\"M696 533C708 521 713 504 713 487 713 471 708 454 696 446L400 146C388 133 375 125 354 125 338 125 325 129 313 142 300 154 292 171 292 187 292 204 296 221 308 233L563 492 304 771C292 783 288 800 288 817 288 833 296 850 308 863 321 871 338 875 354 875 371 875 388 867 400 854L696 533Z\"><\/path><\/svg>\t\t\t\t\t<\/div>\n\t\t\t\t\n\t\t\t\t\t\t\t\t\t<div class=\"swiper-pagination\"><\/div>\n\t\t\t\t\t\t\t\t\t<\/div>\n\t\t\t\t\t\t<\/div>\n\t\t\t\t<\/div>\n\t\t\t\t<div class=\"elementor-element elementor-element-4059d11 elementor-widget-divider--view-line elementor-widget elementor-widget-divider\" data-id=\"4059d11\" data-element_type=\"widget\" data-e-type=\"widget\" data-widget_type=\"divider.default\">\n\t\t\t\t<div class=\"elementor-widget-container\">\n\t\t\t\t\t\t\t<div class=\"elementor-divider\">\n\t\t\t<span class=\"elementor-divider-separator\">\n\t\t\t\t\t\t<\/span>\n\t\t<\/div>\n\t\t\t\t\t\t<\/div>\n\t\t\t\t<\/div>\n\t\t<div class=\"elementor-element elementor-element-c5fc3c6 e-con-full e-flex e-con e-child\" data-id=\"c5fc3c6\" data-element_type=\"container\" data-e-type=\"container\">\n\t\t\t\t<div class=\"elementor-element elementor-element-9d77b4f elementor-widget elementor-widget-heading\" data-id=\"9d77b4f\" data-element_type=\"widget\" data-e-type=\"widget\" data-widget_type=\"heading.default\">\n\t\t\t\t<div class=\"elementor-widget-container\">\n\t\t\t\t\t<div class=\"elementor-heading-title elementor-size-default\"><a href=\"https:\/\/instagram.com\/gismographyfinland\/\">Photos by Gismo Andersson @gismographyfinland<\/a><\/div>\t\t\t\t<\/div>\n\t\t\t\t<\/div>\n\t\t\t\t<div class=\"elementor-element elementor-element-8deb07a elementor-arrows-position-inside elementor-pagination-position-outside elementor-widget elementor-widget-image-carousel\" data-id=\"8deb07a\" data-element_type=\"widget\" data-e-type=\"widget\" data-settings=\"{&quot;lazyload&quot;:&quot;yes&quot;,&quot;image_spacing_custom&quot;:{&quot;unit&quot;:&quot;px&quot;,&quot;size&quot;:30,&quot;sizes&quot;:[]},&quot;navigation&quot;:&quot;both&quot;,&quot;autoplay&quot;:&quot;yes&quot;,&quot;pause_on_hover&quot;:&quot;yes&quot;,&quot;pause_on_interaction&quot;:&quot;yes&quot;,&quot;autoplay_speed&quot;:5000,&quot;infinite&quot;:&quot;yes&quot;,&quot;speed&quot;:500,&quot;image_spacing_custom_tablet&quot;:{&quot;unit&quot;:&quot;px&quot;,&quot;size&quot;:&quot;&quot;,&quot;sizes&quot;:[]},&quot;image_spacing_custom_mobile&quot;:{&quot;unit&quot;:&quot;px&quot;,&quot;size&quot;:&quot;&quot;,&quot;sizes&quot;:[]}}\" data-widget_type=\"image-carousel.default\">\n\t\t\t\t<div class=\"elementor-widget-container\">\n\t\t\t\t\t\t\t<div class=\"elementor-image-carousel-wrapper swiper\" role=\"region\" aria-roledescription=\"carousel\" aria-label=\"by Arul Khoja\" dir=\"ltr\">\n\t\t\t<div class=\"elementor-image-carousel swiper-wrapper\" aria-live=\"off\">\n\t\t\t\t\t\t\t\t<div class=\"swiper-slide\" role=\"group\" aria-roledescription=\"slide\" aria-label=\"1 of 8\"><figure class=\"swiper-slide-inner\"><img class=\"swiper-slide-image swiper-lazy\" data-src=\"https:\/\/jugbitten.store\/wp-content\/uploads\/2025\/08\/1000036582.jpg\" alt=\"363 Automatic 39mm oluttuopin vierell\u00e4\" \/><div class=\"swiper-lazy-preloader\"><\/div><\/figure><\/div><div class=\"swiper-slide\" role=\"group\" aria-roledescription=\"slide\" aria-label=\"2 of 8\"><figure class=\"swiper-slide-inner\"><img class=\"swiper-slide-image swiper-lazy\" data-src=\"https:\/\/jugbitten.store\/wp-content\/uploads\/2025\/08\/1000036597_edited-scaled.jpeg\" alt=\"363 pilkist\u00e4\u00e4 korkkikankaisesta kellopussista\" \/><div class=\"swiper-lazy-preloader\"><\/div><\/figure><\/div><div class=\"swiper-slide\" role=\"group\" aria-roledescription=\"slide\" aria-label=\"3 of 8\"><figure class=\"swiper-slide-inner\"><img class=\"swiper-slide-image swiper-lazy\" data-src=\"https:\/\/jugbitten.store\/wp-content\/uploads\/2025\/08\/1000036599_edited-scaled.jpeg\" alt=\"363 ranteessa k\u00e4sintehdyn kellopussin vieress\u00e4\" \/><div class=\"swiper-lazy-preloader\"><\/div><\/figure><\/div><div class=\"swiper-slide\" role=\"group\" aria-roledescription=\"slide\" aria-label=\"4 of 8\"><figure class=\"swiper-slide-inner\"><img class=\"swiper-slide-image swiper-lazy\" data-src=\"https:\/\/jugbitten.store\/wp-content\/uploads\/2025\/08\/1000036601_edited-scaled.jpeg\" alt=\"Jugbitten 39mm automatic rannekkeiden kera\" \/><div class=\"swiper-lazy-preloader\"><\/div><\/figure><\/div><div class=\"swiper-slide\" role=\"group\" aria-roledescription=\"slide\" aria-label=\"5 of 8\"><figure class=\"swiper-slide-inner\"><img class=\"swiper-slide-image swiper-lazy\" data-src=\"https:\/\/jugbitten.store\/wp-content\/uploads\/2025\/08\/1000036718_edited-scaled.jpeg\" alt=\"tyylik\u00e4s rannekuva suomalaisesta rannekellosta\" \/><div class=\"swiper-lazy-preloader\"><\/div><\/figure><\/div><div class=\"swiper-slide\" role=\"group\" aria-roledescription=\"slide\" aria-label=\"6 of 8\"><figure class=\"swiper-slide-inner\"><img class=\"swiper-slide-image swiper-lazy\" data-src=\"https:\/\/jugbitten.store\/wp-content\/uploads\/2025\/08\/1000036720-scaled.jpg\" alt=\"POV-rannekuva jugbitten 39mm\" \/><div class=\"swiper-lazy-preloader\"><\/div><\/figure><\/div><div class=\"swiper-slide\" role=\"group\" aria-roledescription=\"slide\" aria-label=\"7 of 8\"><figure class=\"swiper-slide-inner\"><img class=\"swiper-slide-image swiper-lazy\" data-src=\"https:\/\/jugbitten.store\/wp-content\/uploads\/2025\/08\/1000036743-scaled.jpg\" alt=\"Jugbitten rannekellon luminoidut osoittimet ja indeksit\" \/><div class=\"swiper-lazy-preloader\"><\/div><\/figure><\/div><div class=\"swiper-slide\" role=\"group\" aria-roledescription=\"slide\" aria-label=\"8 of 8\"><figure class=\"swiper-slide-inner\"><img class=\"swiper-slide-image swiper-lazy\" data-src=\"https:\/\/jugbitten.store\/wp-content\/uploads\/2025\/08\/1000037964-scaled.jpg\" alt=\"363 Automatic milanese mesh rannekkeella\" \/><div class=\"swiper-lazy-preloader\"><\/div><\/figure><\/div>\t\t\t<\/div>\n\t\t\t\t\t\t\t\t\t\t\t\t<div class=\"elementor-swiper-button elementor-swiper-button-prev\" role=\"button\" tabindex=\"0\">\n\t\t\t\t\t\t<svg aria-hidden=\"true\" class=\"e-font-icon-svg e-eicon-chevron-left\" viewBox=\"0 0 1000 1000\" xmlns=\"http:\/\/www.w3.org\/2000\/svg\"><path d=\"M646 125C629 125 613 133 604 142L308 442C296 454 292 471 292 487 292 504 296 521 308 533L604 854C617 867 629 875 646 875 663 875 679 871 692 858 704 846 713 829 713 812 713 796 708 779 692 767L438 487 692 225C700 217 708 204 708 187 708 171 704 154 692 142 675 129 663 125 646 125Z\"><\/path><\/svg>\t\t\t\t\t<\/div>\n\t\t\t\t\t<div class=\"elementor-swiper-button elementor-swiper-button-next\" role=\"button\" tabindex=\"0\">\n\t\t\t\t\t\t<svg aria-hidden=\"true\" class=\"e-font-icon-svg e-eicon-chevron-right\" viewBox=\"0 0 1000 1000\" xmlns=\"http:\/\/www.w3.org\/2000\/svg\"><path d=\"M696 533C708 521 713 504 713 487 713 471 708 454 696 446L400 146C388 133 375 125 354 125 338 125 325 129 313 142 300 154 292 171 292 187 292 204 296 221 308 233L563 492 304 771C292 783 288 800 288 817 288 833 296 850 308 863 321 871 338 875 354 875 371 875 388 867 400 854L696 533Z\"><\/path><\/svg>\t\t\t\t\t<\/div>\n\t\t\t\t\n\t\t\t\t\t\t\t\t\t<div class=\"swiper-pagination\"><\/div>\n\t\t\t\t\t\t\t\t\t<\/div>\n\t\t\t\t\t\t<\/div>\n\t\t\t\t<\/div>\n\t\t\t\t<\/div>\n\t\t\t\t\t<\/div>\n\t\t\t\t<\/div>\n\t\t<div class=\"elementor-element elementor-element-ee66473 e-flex e-con-boxed e-con e-parent\" data-id=\"ee66473\" data-element_type=\"container\" data-e-type=\"container\">\n\t\t\t\t\t<div class=\"e-con-inner\">\n\t\t\t\t\t<\/div>\n\t\t\t\t<\/div>\n\t\t\t\t<\/div>\n\t\t","protected":false},"excerpt":{"rendered":"<p>Photos by Arul Khoja @arulkhoja Photos by Gismo Andersson @gismographyfinland<\/p>\n","protected":false},"author":1,"featured_media":0,"parent":0,"menu_order":0,"comment_status":"closed","ping_status":"closed","template":"","meta":{"site-sidebar-layout":"no-sidebar","site-content-layout":"page-builder","ast-site-content-layout":"full-width-container","site-content-style":"default","site-sidebar-style":"default","ast-global-header-display":"","ast-banner-title-visibility":"","ast-main-header-display":"","ast-hfb-above-header-display":"","ast-hfb-below-header-display":"","ast-hfb-mobile-header-display":"","site-post-title":"","ast-breadcrumbs-content":"","ast-featured-img":"disabled","footer-sml-layout":"","ast-disable-related-posts":"","theme-transparent-header-meta":"","adv-header-id-meta":"","stick-header-meta":"","header-above-stick-meta":"","header-main-stick-meta":"","header-below-stick-meta":"","astra-migrate-meta-layouts":"default","ast-page-background-enabled":"default","ast-page-background-meta":{"desktop":{"background-color":"","background-image":"","background-repeat":"repeat","background-position":"center center","background-size":"auto","background-attachment":"scroll","background-type":"","background-media":"","overlay-type":"","overlay-color":"","overlay-opacity":"","overlay-gradient":""},"tablet":{"background-color":"","background-image":"","background-repeat":"repeat","background-position":"center center","background-size":"auto","background-attachment":"scroll","background-type":"","background-media":"","overlay-type":"","overlay-color":"","overlay-opacity":"","overlay-gradient":""},"mobile":{"background-color":"","background-image":"","background-repeat":"repeat","background-position":"center center","background-size":"auto","background-attachment":"scroll","background-type":"","background-media":"","overlay-type":"","overlay-color":"","overlay-opacity":"","overlay-gradient":""}},"ast-content-background-meta":{"desktop":{"background-color":"var(--ast-global-color-5)","background-image":"","background-repeat":"repeat","background-position":"center center","background-size":"auto","background-attachment":"scroll","background-type":"","background-media":"","overlay-type":"","overlay-color":"","overlay-opacity":"","overlay-gradient":""},"tablet":{"background-color":"var(--ast-global-color-5)","background-image":"","background-repeat":"repeat","background-position":"center center","background-size":"auto","background-attachment":"scroll","background-type":"","background-media":"","overlay-type":"","overlay-color":"","overlay-opacity":"","overlay-gradient":""},"mobile":{"background-color":"var(--ast-global-color-5)","background-image":"","background-repeat":"repeat","background-position":"center center","background-size":"auto","background-attachment":"scroll","background-type":"","background-media":"","overlay-type":"","overlay-color":"","overlay-opacity":"","overlay-gradient":""}},"footnotes":""},"class_list":["post-5635","page","type-page","status-publish","hentry"],"yoast_head":"<!-- This site is optimized with the Yoast SEO plugin v27.4 - https:\/\/yoast.com\/product\/yoast-seo-wordpress\/ -->\n<title>JUGBITTEN Gallery - JUGBITTEN STORE<\/title>\n<meta name=\"robots\" content=\"index, follow, max-snippet:-1, max-image-preview:large, max-video-preview:-1\" \/>\n<link rel=\"canonical\" href=\"https:\/\/jugbitten.store\/en\/jugbitten-gallery\/\" \/>\n<meta property=\"og:locale\" content=\"en_US\" \/>\n<meta property=\"og:type\" content=\"article\" \/>\n<meta property=\"og:title\" content=\"JUGBITTEN Gallery - JUGBITTEN STORE\" \/>\n<meta property=\"og:description\" content=\"Photos by Arul Khoja @arulkhoja Photos by Gismo Andersson @gismographyfinland\" \/>\n<meta property=\"og:url\" content=\"https:\/\/jugbitten.store\/en\/jugbitten-gallery\/\" \/>\n<meta property=\"og:site_name\" content=\"JUGBITTEN STORE\" \/>\n<meta property=\"article:modified_time\" content=\"2025-08-27T22:12:10+00:00\" \/>\n<meta property=\"og:image\" content=\"https:\/\/jugbitten.store\/wp-content\/uploads\/2025\/08\/DSCF8764-3-scaled.jpg?wsr\" \/>\n<meta name=\"twitter:card\" content=\"summary_large_image\" \/>\n<script type=\"application\/ld+json\" class=\"yoast-schema-graph\">{\"@context\":\"https:\\\/\\\/schema.org\",\"@graph\":[{\"@type\":\"WebPage\",\"@id\":\"https:\\\/\\\/jugbitten.store\\\/en\\\/jugbitten-gallery\\\/\",\"url\":\"https:\\\/\\\/jugbitten.store\\\/en\\\/jugbitten-gallery\\\/\",\"name\":\"JUGBITTEN Gallery - JUGBITTEN STORE\",\"isPartOf\":{\"@id\":\"https:\\\/\\\/jugbitten.store\\\/en\\\/#website\"},\"primaryImageOfPage\":{\"@id\":\"https:\\\/\\\/jugbitten.store\\\/en\\\/jugbitten-gallery\\\/#primaryimage\"},\"image\":{\"@id\":\"https:\\\/\\\/jugbitten.store\\\/en\\\/jugbitten-gallery\\\/#primaryimage\"},\"thumbnailUrl\":\"https:\\\/\\\/jugbitten.store\\\/wp-content\\\/uploads\\\/2025\\\/08\\\/DSCF8764-3-scaled.jpg?wsr\",\"datePublished\":\"2025-08-26T20:08:08+00:00\",\"dateModified\":\"2025-08-27T22:12:10+00:00\",\"breadcrumb\":{\"@id\":\"https:\\\/\\\/jugbitten.store\\\/en\\\/jugbitten-gallery\\\/#breadcrumb\"},\"inLanguage\":\"en-US\",\"potentialAction\":[{\"@type\":\"ReadAction\",\"target\":[\"https:\\\/\\\/jugbitten.store\\\/en\\\/jugbitten-gallery\\\/\"]}]},{\"@type\":\"ImageObject\",\"inLanguage\":\"en-US\",\"@id\":\"https:\\\/\\\/jugbitten.store\\\/en\\\/jugbitten-gallery\\\/#primaryimage\",\"url\":\"https:\\\/\\\/jugbitten.store\\\/wp-content\\\/uploads\\\/2025\\\/08\\\/DSCF8764-3-scaled.jpg?wsr\",\"contentUrl\":\"https:\\\/\\\/jugbitten.store\\\/wp-content\\\/uploads\\\/2025\\\/08\\\/DSCF8764-3-scaled.jpg?wsr\"},{\"@type\":\"BreadcrumbList\",\"@id\":\"https:\\\/\\\/jugbitten.store\\\/en\\\/jugbitten-gallery\\\/#breadcrumb\",\"itemListElement\":[{\"@type\":\"ListItem\",\"position\":1,\"name\":\"Etusivu\",\"item\":\"https:\\\/\\\/jugbitten.store\\\/en\\\/\"},{\"@type\":\"ListItem\",\"position\":2,\"name\":\"JUGBITTEN Gallery\"}]},{\"@type\":\"WebSite\",\"@id\":\"https:\\\/\\\/jugbitten.store\\\/en\\\/#website\",\"url\":\"https:\\\/\\\/jugbitten.store\\\/en\\\/\",\"name\":\"JUGBITTEN STORE\",\"description\":\"Jugbitten - suomalaiset rannekellot\",\"publisher\":{\"@id\":\"https:\\\/\\\/jugbitten.store\\\/en\\\/#organization\"},\"potentialAction\":[{\"@type\":\"SearchAction\",\"target\":{\"@type\":\"EntryPoint\",\"urlTemplate\":\"https:\\\/\\\/jugbitten.store\\\/en\\\/?s={search_term_string}\"},\"query-input\":{\"@type\":\"PropertyValueSpecification\",\"valueRequired\":true,\"valueName\":\"search_term_string\"}}],\"inLanguage\":\"en-US\"},{\"@type\":\"Organization\",\"@id\":\"https:\\\/\\\/jugbitten.store\\\/en\\\/#organization\",\"name\":\"JUGBITTEN\",\"url\":\"https:\\\/\\\/jugbitten.store\\\/en\\\/\",\"logo\":{\"@type\":\"ImageObject\",\"inLanguage\":\"en-US\",\"@id\":\"https:\\\/\\\/jugbitten.store\\\/en\\\/#\\\/schema\\\/logo\\\/image\\\/\",\"url\":\"https:\\\/\\\/jugbitten.store\\\/wp-content\\\/uploads\\\/2025\\\/07\\\/cropped-Kopio_-vaatesuunnittelu-1000-x-1000-px-3000-x-1245-px-4500-x-3500-px-_20250717_120030_0000.png?wsr\",\"contentUrl\":\"https:\\\/\\\/jugbitten.store\\\/wp-content\\\/uploads\\\/2025\\\/07\\\/cropped-Kopio_-vaatesuunnittelu-1000-x-1000-px-3000-x-1245-px-4500-x-3500-px-_20250717_120030_0000.png?wsr\",\"width\":198,\"height\":150,\"caption\":\"JUGBITTEN\"},\"image\":{\"@id\":\"https:\\\/\\\/jugbitten.store\\\/en\\\/#\\\/schema\\\/logo\\\/image\\\/\"},\"sameAs\":[\"https:\\\/\\\/instagram.com\\\/jugbittenwatches\",\"https:\\\/\\\/tiktok.com\\\/@jugbittenwatches\",\"https:\\\/\\\/jugbitten.com\"]}]}<\/script>\n<!-- \/ Yoast SEO plugin. -->","yoast_head_json":{"title":"JUGBITTEN Gallery - JUGBITTEN STORE","robots":{"index":"index","follow":"follow","max-snippet":"max-snippet:-1","max-image-preview":"max-image-preview:large","max-video-preview":"max-video-preview:-1"},"canonical":"https:\/\/jugbitten.store\/en\/jugbitten-gallery\/","og_locale":"en_US","og_type":"article","og_title":"JUGBITTEN Gallery - JUGBITTEN STORE","og_description":"Photos by Arul Khoja @arulkhoja Photos by Gismo Andersson @gismographyfinland","og_url":"https:\/\/jugbitten.store\/en\/jugbitten-gallery\/","og_site_name":"JUGBITTEN STORE","article_modified_time":"2025-08-27T22:12:10+00:00","og_image":[{"url":"https:\/\/jugbitten.store\/wp-content\/uploads\/2025\/08\/DSCF8764-3-scaled.jpg?wsr","type":"","width":"","height":""}],"twitter_card":"summary_large_image","schema":{"@context":"https:\/\/schema.org","@graph":[{"@type":"WebPage","@id":"https:\/\/jugbitten.store\/en\/jugbitten-gallery\/","url":"https:\/\/jugbitten.store\/en\/jugbitten-gallery\/","name":"JUGBITTEN Gallery - JUGBITTEN STORE","isPartOf":{"@id":"https:\/\/jugbitten.store\/en\/#website"},"primaryImageOfPage":{"@id":"https:\/\/jugbitten.store\/en\/jugbitten-gallery\/#primaryimage"},"image":{"@id":"https:\/\/jugbitten.store\/en\/jugbitten-gallery\/#primaryimage"},"thumbnailUrl":"https:\/\/jugbitten.store\/wp-content\/uploads\/2025\/08\/DSCF8764-3-scaled.jpg?wsr","datePublished":"2025-08-26T20:08:08+00:00","dateModified":"2025-08-27T22:12:10+00:00","breadcrumb":{"@id":"https:\/\/jugbitten.store\/en\/jugbitten-gallery\/#breadcrumb"},"inLanguage":"en-US","potentialAction":[{"@type":"ReadAction","target":["https:\/\/jugbitten.store\/en\/jugbitten-gallery\/"]}]},{"@type":"ImageObject","inLanguage":"en-US","@id":"https:\/\/jugbitten.store\/en\/jugbitten-gallery\/#primaryimage","url":"https:\/\/jugbitten.store\/wp-content\/uploads\/2025\/08\/DSCF8764-3-scaled.jpg?wsr","contentUrl":"https:\/\/jugbitten.store\/wp-content\/uploads\/2025\/08\/DSCF8764-3-scaled.jpg?wsr"},{"@type":"BreadcrumbList","@id":"https:\/\/jugbitten.store\/en\/jugbitten-gallery\/#breadcrumb","itemListElement":[{"@type":"ListItem","position":1,"name":"Etusivu","item":"https:\/\/jugbitten.store\/en\/"},{"@type":"ListItem","position":2,"name":"JUGBITTEN Gallery"}]},{"@type":"WebSite","@id":"https:\/\/jugbitten.store\/en\/#website","url":"https:\/\/jugbitten.store\/en\/","name":"JUGBITTEN STORE","description":"Jugbitten - suomalaiset rannekellot","publisher":{"@id":"https:\/\/jugbitten.store\/en\/#organization"},"potentialAction":[{"@type":"SearchAction","target":{"@type":"EntryPoint","urlTemplate":"https:\/\/jugbitten.store\/en\/?s={search_term_string}"},"query-input":{"@type":"PropertyValueSpecification","valueRequired":true,"valueName":"search_term_string"}}],"inLanguage":"en-US"},{"@type":"Organization","@id":"https:\/\/jugbitten.store\/en\/#organization","name":"JUGBITTEN","url":"https:\/\/jugbitten.store\/en\/","logo":{"@type":"ImageObject","inLanguage":"en-US","@id":"https:\/\/jugbitten.store\/en\/#\/schema\/logo\/image\/","url":"https:\/\/jugbitten.store\/wp-content\/uploads\/2025\/07\/cropped-Kopio_-vaatesuunnittelu-1000-x-1000-px-3000-x-1245-px-4500-x-3500-px-_20250717_120030_0000.png?wsr","contentUrl":"https:\/\/jugbitten.store\/wp-content\/uploads\/2025\/07\/cropped-Kopio_-vaatesuunnittelu-1000-x-1000-px-3000-x-1245-px-4500-x-3500-px-_20250717_120030_0000.png?wsr","width":198,"height":150,"caption":"JUGBITTEN"},"image":{"@id":"https:\/\/jugbitten.store\/en\/#\/schema\/logo\/image\/"},"sameAs":["https:\/\/instagram.com\/jugbittenwatches","https:\/\/tiktok.com\/@jugbittenwatches","https:\/\/jugbitten.com"]}]}},"jetpack_sharing_enabled":true,"_links":{"self":[{"href":"https:\/\/jugbitten.store\/en\/wp-json\/wp\/v2\/pages\/5635","targetHints":{"allow":["GET"]}}],"collection":[{"href":"https:\/\/jugbitten.store\/en\/wp-json\/wp\/v2\/pages"}],"about":[{"href":"https:\/\/jugbitten.store\/en\/wp-json\/wp\/v2\/types\/page"}],"author":[{"embeddable":true,"href":"https:\/\/jugbitten.store\/en\/wp-json\/wp\/v2\/users\/1"}],"replies":[{"embeddable":true,"href":"https:\/\/jugbitten.store\/en\/wp-json\/wp\/v2\/comments?post=5635"}],"version-history":[{"count":0,"href":"https:\/\/jugbitten.store\/en\/wp-json\/wp\/v2\/pages\/5635\/revisions"}],"wp:attachment":[{"href":"https:\/\/jugbitten.store\/en\/wp-json\/wp\/v2\/media?parent=5635"}],"curies":[{"name":"wp","href":"https:\/\/api.w.org\/{rel}","templated":true}]}}