{"id":9,"date":"2025-04-11T10:24:01","date_gmt":"2025-04-11T10:24:01","guid":{"rendered":"https:\/\/www.jugbitten.store\/index.php\/kauppa\/"},"modified":"2025-07-16T11:31:52","modified_gmt":"2025-07-16T11:31:52","slug":"kauppa","status":"publish","type":"page","link":"https:\/\/jugbitten.store\/en\/kauppa\/","title":{"rendered":"Support the brand"},"content":{"rendered":"\n<p>Jugbitten on pieni kellobr\u00e4ndi, joka syntyi harrastuksesta ja halusta tehd\u00e4 jotain omaleimaista. Kaikki kellot suunnitellaan itse, kootaan k\u00e4sin ja viimeistell\u00e4\u00e4n pieniss\u00e4 eriss\u00e4 Kainuussa. Kaupastamme l\u00f6yd\u00e4t kellot sek\u00e4 valikoidut oheistuotteet. <a href=\"https:\/\/jugbitten.com\">T\u00e4st\u00e4<\/a> p\u00e4\u00e4set tutustumaan tarinaan br\u00e4ndin takana.<\/p>\n\n\n\n<p><\/p>\n","protected":false},"excerpt":{"rendered":"<p>Jugbitten on pieni kellobr\u00e4ndi, joka syntyi harrastuksesta ja halusta tehd\u00e4 jotain omaleimaista. Kaikki kellot suunnitellaan itse, kootaan k\u00e4sin ja viimeistell\u00e4\u00e4n pieniss\u00e4 eriss\u00e4 Kainuussa. Kaupastamme l\u00f6yd\u00e4t kellot sek\u00e4 valikoidut oheistuotteet. T\u00e4st\u00e4 p\u00e4\u00e4set tutustumaan tarinaan br\u00e4ndin takana.<\/p>\n","protected":false},"author":1,"featured_media":0,"parent":0,"menu_order":0,"comment_status":"closed","ping_status":"closed","template":"","meta":{"site-sidebar-layout":"default","site-content-layout":"","ast-site-content-layout":"default","site-content-style":"default","site-sidebar-style":"default","ast-global-header-display":"","ast-banner-title-visibility":"","ast-main-header-display":"","ast-hfb-above-header-display":"","ast-hfb-below-header-display":"","ast-hfb-mobile-header-display":"","site-post-title":"","ast-breadcrumbs-content":"","ast-featured-img":"","footer-sml-layout":"","ast-disable-related-posts":"","theme-transparent-header-meta":"","adv-header-id-meta":"","stick-header-meta":"","header-above-stick-meta":"","header-main-stick-meta":"","header-below-stick-meta":"","astra-migrate-meta-layouts":"default","ast-page-background-enabled":"default","ast-page-background-meta":{"desktop":{"background-color":"","background-image":"","background-repeat":"repeat","background-position":"center center","background-size":"auto","background-attachment":"scroll","background-type":"","background-media":"","overlay-type":"","overlay-color":"","overlay-opacity":"","overlay-gradient":""},"tablet":{"background-color":"","background-image":"","background-repeat":"repeat","background-position":"center center","background-size":"auto","background-attachment":"scroll","background-type":"","background-media":"","overlay-type":"","overlay-color":"","overlay-opacity":"","overlay-gradient":""},"mobile":{"background-color":"","background-image":"","background-repeat":"repeat","background-position":"center center","background-size":"auto","background-attachment":"scroll","background-type":"","background-media":"","overlay-type":"","overlay-color":"","overlay-opacity":"","overlay-gradient":""}},"ast-content-background-meta":{"desktop":{"background-color":"var(--ast-global-color-5)","background-image":"","background-repeat":"repeat","background-position":"center center","background-size":"auto","background-attachment":"scroll","background-type":"","background-media":"","overlay-type":"","overlay-color":"","overlay-opacity":"","overlay-gradient":""},"tablet":{"background-color":"var(--ast-global-color-5)","background-image":"","background-repeat":"repeat","background-position":"center center","background-size":"auto","background-attachment":"scroll","background-type":"","background-media":"","overlay-type":"","overlay-color":"","overlay-opacity":"","overlay-gradient":""},"mobile":{"background-color":"var(--ast-global-color-5)","background-image":"","background-repeat":"repeat","background-position":"center center","background-size":"auto","background-attachment":"scroll","background-type":"","background-media":"","overlay-type":"","overlay-color":"","overlay-opacity":"","overlay-gradient":""}},"footnotes":""},"class_list":["post-9","page","type-page","status-publish","hentry"],"yoast_head":"<!-- This site is optimized with the Yoast SEO plugin v27.4 - https:\/\/yoast.com\/product\/yoast-seo-wordpress\/ -->\n<title>JUGBITTEN STORE \u2013 Suomalaiset rannekellot ja oheistuotteet - JUGBITTEN STORE<\/title>\n<meta name=\"description\" content=\"Suomalainen kellobr\u00e4ndi. Valmistamme rannekellot pienin\u00e4 sarjoina k\u00e4sin, ja tarjoamme my\u00f6s valikoituja oheistuotteita.\" \/>\n<meta name=\"robots\" content=\"index, follow, max-snippet:-1, max-image-preview:large, max-video-preview:-1\" \/>\n<link rel=\"canonical\" href=\"https:\/\/jugbitten.store\/en\/kauppa\/\" \/>\n<meta property=\"og:locale\" content=\"en_US\" \/>\n<meta property=\"og:type\" content=\"article\" \/>\n<meta property=\"og:title\" content=\"JUGBITTEN STORE \u2013 Suomalaiset rannekellot ja oheistuotteet - JUGBITTEN STORE\" \/>\n<meta property=\"og:description\" content=\"Suomalainen kellobr\u00e4ndi. Valmistamme rannekellot pienin\u00e4 sarjoina k\u00e4sin, ja tarjoamme my\u00f6s valikoituja oheistuotteita.\" \/>\n<meta property=\"og:url\" content=\"https:\/\/jugbitten.store\/en\/kauppa\/\" \/>\n<meta property=\"og:site_name\" content=\"JUGBITTEN STORE\" \/>\n<meta property=\"article:modified_time\" content=\"2025-07-16T11:31:52+00:00\" \/>\n<meta name=\"twitter:card\" content=\"summary_large_image\" \/>\n<meta name=\"twitter:label1\" content=\"Est. reading time\" \/>\n\t<meta name=\"twitter:data1\" content=\"1 minute\" \/>\n<script type=\"application\/ld+json\" class=\"yoast-schema-graph\">{\"@context\":\"https:\\\/\\\/schema.org\",\"@graph\":[{\"@type\":\"WebPage\",\"@id\":\"https:\\\/\\\/jugbitten.store\\\/en\\\/kauppa\\\/\",\"url\":\"https:\\\/\\\/jugbitten.store\\\/en\\\/kauppa\\\/\",\"name\":\"JUGBITTEN STORE \u2013 Suomalaiset rannekellot ja oheistuotteet - JUGBITTEN STORE\",\"isPartOf\":{\"@id\":\"https:\\\/\\\/jugbitten.store\\\/en\\\/#website\"},\"datePublished\":\"2025-04-11T10:24:01+00:00\",\"dateModified\":\"2025-07-16T11:31:52+00:00\",\"description\":\"Suomalainen kellobr\u00e4ndi. Valmistamme rannekellot pienin\u00e4 sarjoina k\u00e4sin, ja tarjoamme my\u00f6s valikoituja oheistuotteita.\",\"breadcrumb\":{\"@id\":\"https:\\\/\\\/jugbitten.store\\\/en\\\/kauppa\\\/#breadcrumb\"},\"inLanguage\":\"en-US\",\"potentialAction\":[{\"@type\":\"ReadAction\",\"target\":[\"https:\\\/\\\/jugbitten.store\\\/en\\\/kauppa\\\/\"]}]},{\"@type\":\"BreadcrumbList\",\"@id\":\"https:\\\/\\\/jugbitten.store\\\/en\\\/kauppa\\\/#breadcrumb\",\"itemListElement\":[{\"@type\":\"ListItem\",\"position\":1,\"name\":\"Etusivu\",\"item\":\"https:\\\/\\\/jugbitten.store\\\/en\\\/\"},{\"@type\":\"ListItem\",\"position\":2,\"name\":\"Support the brand\"}]},{\"@type\":\"WebSite\",\"@id\":\"https:\\\/\\\/jugbitten.store\\\/en\\\/#website\",\"url\":\"https:\\\/\\\/jugbitten.store\\\/en\\\/\",\"name\":\"JUGBITTEN STORE\",\"description\":\"Jugbitten - suomalaiset rannekellot\",\"publisher\":{\"@id\":\"https:\\\/\\\/jugbitten.store\\\/en\\\/#organization\"},\"potentialAction\":[{\"@type\":\"SearchAction\",\"target\":{\"@type\":\"EntryPoint\",\"urlTemplate\":\"https:\\\/\\\/jugbitten.store\\\/en\\\/?s={search_term_string}\"},\"query-input\":{\"@type\":\"PropertyValueSpecification\",\"valueRequired\":true,\"valueName\":\"search_term_string\"}}],\"inLanguage\":\"en-US\"},{\"@type\":\"Organization\",\"@id\":\"https:\\\/\\\/jugbitten.store\\\/en\\\/#organization\",\"name\":\"JUGBITTEN\",\"url\":\"https:\\\/\\\/jugbitten.store\\\/en\\\/\",\"logo\":{\"@type\":\"ImageObject\",\"inLanguage\":\"en-US\",\"@id\":\"https:\\\/\\\/jugbitten.store\\\/en\\\/#\\\/schema\\\/logo\\\/image\\\/\",\"url\":\"https:\\\/\\\/jugbitten.store\\\/wp-content\\\/uploads\\\/2025\\\/07\\\/cropped-Kopio_-vaatesuunnittelu-1000-x-1000-px-3000-x-1245-px-4500-x-3500-px-_20250717_120030_0000.png?wsr\",\"contentUrl\":\"https:\\\/\\\/jugbitten.store\\\/wp-content\\\/uploads\\\/2025\\\/07\\\/cropped-Kopio_-vaatesuunnittelu-1000-x-1000-px-3000-x-1245-px-4500-x-3500-px-_20250717_120030_0000.png?wsr\",\"width\":198,\"height\":150,\"caption\":\"JUGBITTEN\"},\"image\":{\"@id\":\"https:\\\/\\\/jugbitten.store\\\/en\\\/#\\\/schema\\\/logo\\\/image\\\/\"},\"sameAs\":[\"https:\\\/\\\/instagram.com\\\/jugbittenwatches\",\"https:\\\/\\\/tiktok.com\\\/@jugbittenwatches\",\"https:\\\/\\\/jugbitten.com\"]}]}<\/script>\n<!-- \/ Yoast SEO plugin. -->","yoast_head_json":{"title":"JUGBITTEN STORE \u2013 Suomalaiset rannekellot ja oheistuotteet - JUGBITTEN STORE","description":"Suomalainen kellobr\u00e4ndi. Valmistamme rannekellot pienin\u00e4 sarjoina k\u00e4sin, ja tarjoamme my\u00f6s valikoituja oheistuotteita.","robots":{"index":"index","follow":"follow","max-snippet":"max-snippet:-1","max-image-preview":"max-image-preview:large","max-video-preview":"max-video-preview:-1"},"canonical":"https:\/\/jugbitten.store\/en\/kauppa\/","og_locale":"en_US","og_type":"article","og_title":"JUGBITTEN STORE \u2013 Suomalaiset rannekellot ja oheistuotteet - JUGBITTEN STORE","og_description":"Suomalainen kellobr\u00e4ndi. Valmistamme rannekellot pienin\u00e4 sarjoina k\u00e4sin, ja tarjoamme my\u00f6s valikoituja oheistuotteita.","og_url":"https:\/\/jugbitten.store\/en\/kauppa\/","og_site_name":"JUGBITTEN STORE","article_modified_time":"2025-07-16T11:31:52+00:00","twitter_card":"summary_large_image","twitter_misc":{"Est. reading time":"1 minute"},"schema":{"@context":"https:\/\/schema.org","@graph":[{"@type":"WebPage","@id":"https:\/\/jugbitten.store\/en\/kauppa\/","url":"https:\/\/jugbitten.store\/en\/kauppa\/","name":"JUGBITTEN STORE \u2013 Suomalaiset rannekellot ja oheistuotteet - JUGBITTEN STORE","isPartOf":{"@id":"https:\/\/jugbitten.store\/en\/#website"},"datePublished":"2025-04-11T10:24:01+00:00","dateModified":"2025-07-16T11:31:52+00:00","description":"Suomalainen kellobr\u00e4ndi. Valmistamme rannekellot pienin\u00e4 sarjoina k\u00e4sin, ja tarjoamme my\u00f6s valikoituja oheistuotteita.","breadcrumb":{"@id":"https:\/\/jugbitten.store\/en\/kauppa\/#breadcrumb"},"inLanguage":"en-US","potentialAction":[{"@type":"ReadAction","target":["https:\/\/jugbitten.store\/en\/kauppa\/"]}]},{"@type":"BreadcrumbList","@id":"https:\/\/jugbitten.store\/en\/kauppa\/#breadcrumb","itemListElement":[{"@type":"ListItem","position":1,"name":"Etusivu","item":"https:\/\/jugbitten.store\/en\/"},{"@type":"ListItem","position":2,"name":"Support the brand"}]},{"@type":"WebSite","@id":"https:\/\/jugbitten.store\/en\/#website","url":"https:\/\/jugbitten.store\/en\/","name":"JUGBITTEN STORE","description":"Jugbitten - suomalaiset rannekellot","publisher":{"@id":"https:\/\/jugbitten.store\/en\/#organization"},"potentialAction":[{"@type":"SearchAction","target":{"@type":"EntryPoint","urlTemplate":"https:\/\/jugbitten.store\/en\/?s={search_term_string}"},"query-input":{"@type":"PropertyValueSpecification","valueRequired":true,"valueName":"search_term_string"}}],"inLanguage":"en-US"},{"@type":"Organization","@id":"https:\/\/jugbitten.store\/en\/#organization","name":"JUGBITTEN","url":"https:\/\/jugbitten.store\/en\/","logo":{"@type":"ImageObject","inLanguage":"en-US","@id":"https:\/\/jugbitten.store\/en\/#\/schema\/logo\/image\/","url":"https:\/\/jugbitten.store\/wp-content\/uploads\/2025\/07\/cropped-Kopio_-vaatesuunnittelu-1000-x-1000-px-3000-x-1245-px-4500-x-3500-px-_20250717_120030_0000.png?wsr","contentUrl":"https:\/\/jugbitten.store\/wp-content\/uploads\/2025\/07\/cropped-Kopio_-vaatesuunnittelu-1000-x-1000-px-3000-x-1245-px-4500-x-3500-px-_20250717_120030_0000.png?wsr","width":198,"height":150,"caption":"JUGBITTEN"},"image":{"@id":"https:\/\/jugbitten.store\/en\/#\/schema\/logo\/image\/"},"sameAs":["https:\/\/instagram.com\/jugbittenwatches","https:\/\/tiktok.com\/@jugbittenwatches","https:\/\/jugbitten.com"]}]}},"jetpack_sharing_enabled":true,"_links":{"self":[{"href":"https:\/\/jugbitten.store\/en\/wp-json\/wp\/v2\/pages\/9","targetHints":{"allow":["GET"]}}],"collection":[{"href":"https:\/\/jugbitten.store\/en\/wp-json\/wp\/v2\/pages"}],"about":[{"href":"https:\/\/jugbitten.store\/en\/wp-json\/wp\/v2\/types\/page"}],"author":[{"embeddable":true,"href":"https:\/\/jugbitten.store\/en\/wp-json\/wp\/v2\/users\/1"}],"replies":[{"embeddable":true,"href":"https:\/\/jugbitten.store\/en\/wp-json\/wp\/v2\/comments?post=9"}],"version-history":[{"count":0,"href":"https:\/\/jugbitten.store\/en\/wp-json\/wp\/v2\/pages\/9\/revisions"}],"wp:attachment":[{"href":"https:\/\/jugbitten.store\/en\/wp-json\/wp\/v2\/media?parent=9"}],"curies":[{"name":"wp","href":"https:\/\/api.w.org\/{rel}","templated":true}]}}