{"id":5151,"date":"2025-07-28T07:48:01","date_gmt":"2025-07-28T07:48:01","guid":{"rendered":"https:\/\/www.jugbitten.store\/tuote\/jugbitten-crew-louder\/"},"modified":"2025-11-20T13:28:36","modified_gmt":"2025-11-20T13:28:36","slug":"jugbitten-crew-louder","status":"publish","type":"product","link":"https:\/\/jugbitten.store\/en\/shop\/jugbitten-crew-louder\/","title":{"rendered":"JUGBITTEN Crew Louder"},"content":{"rendered":"<p>Crew Louder &#8211; Comfort, style and attitude<\/p>\n<p>Direct and prominent central print. The material, cut, and finish do their job \u2013 with clarity and edge. <\/p>\n<p data-start=\"381\" data-end=\"589\">The unisex sweatshirt is made responsibly:<br data-start=\"440\" data-end=\"443\">80% organic cotton, 20% recycled polyester.<br data-start=\"494\" data-end=\"497\">The 280 g\/m\u00b2 brushed fabric is soft on the inside, taut on the outside &#8211; perfect for everyday wear and use.<\/p>\n<p data-start=\"591\" data-end=\"895\">The finish is simply on point:<br data-start=\"634\" data-end=\"637\">&#8211; Raglan sleeves add wiggle room and a modern cut<br data-start=\"696\" data-end=\"699\">&#8211; 2&#215;2 ribbing at hem, cuffs and neckline keeps the fit snug<br data-start=\"783\" data-end=\"786\">&#8211; Collar with a neat half-moon detail and neck tape<\/p>\n<p data-start=\"1113\" data-end=\"1201\">The printing has been done with traditional heat transfer film\/DTG technology, handmade by a local company &#8211; <em>Rockseri Oy.<\/em><\/p>\n<p data-start=\"1203\" data-end=\"1310\">This college is not off the shelf.<br data-start=\"1236\" data-end=\"1239\">It&#8217;s made only for those who choose it &#8211; maybe just for you.<\/p>\n<p data-start=\"1312\" data-end=\"1313\">&#8211;<\/p>\n<p>Note! Shirts are made to order.<\/p>\n<p><em>Tilausikkuna sulkeutuu 30.11. klo 21, jonka j\u00e4lkeen paidat tilataan suoraan tehtaalta ja toimitetaan painoon. Toimitusaika on vuodenvaihteen pyh\u00e4p\u00e4ivien vuoksi arviolta 2\u20136 viikkoa.   Thank you for your patience &#8211; this way we avoid unnecessary overstocking.<\/em><\/p>\n<p data-start=\"1569\" data-end=\"1570\">&#8211;<\/p>\n<p data-start=\"1572\" data-end=\"1737\">Material: 80% organic cotton \/ 20% recycled polyester<br data-start=\"1635\" data-end=\"1638\">Fabric: 280 g\/m\u00b2, brushed interior<br data-start=\"1674\" data-end=\"1677\">Style: unisex<br data-start=\"1690\" data-end=\"1693\">Print: DTG, heat transfer<br data-start=\"1706\" data-end=\"1709\">Colour: Black<br data-start=\"1720\" data-end=\"1723\">Sizes: XS-3XL (size chart image 4)<\/p>\n","protected":false},"excerpt":{"rendered":"<p>Crew Louder &#8211; Comfort, style and attitude<\/p>\n<p>Direct and prominent central print. The material, cut, and finish do their job \u2013 with clarity and edge. <\/p>\n","protected":false},"featured_media":5221,"comment_status":"open","ping_status":"closed","template":"","meta":{"site-sidebar-layout":"default","site-content-layout":"","ast-site-content-layout":"default","site-content-style":"default","site-sidebar-style":"default","ast-global-header-display":"","ast-banner-title-visibility":"","ast-main-header-display":"","ast-hfb-above-header-display":"","ast-hfb-below-header-display":"","ast-hfb-mobile-header-display":"","site-post-title":"","ast-breadcrumbs-content":"","ast-featured-img":"","footer-sml-layout":"","ast-disable-related-posts":"","theme-transparent-header-meta":"default","adv-header-id-meta":"","stick-header-meta":"","header-above-stick-meta":"","header-main-stick-meta":"","header-below-stick-meta":"","astra-migrate-meta-layouts":"default","ast-page-background-enabled":"default","ast-page-background-meta":{"desktop":{"background-color":"","background-image":"","background-repeat":"repeat","background-position":"center center","background-size":"auto","background-attachment":"scroll","background-type":"","background-media":"","overlay-type":"","overlay-color":"","overlay-opacity":"","overlay-gradient":""},"tablet":{"background-color":"","background-image":"","background-repeat":"repeat","background-position":"center center","background-size":"auto","background-attachment":"scroll","background-type":"","background-media":"","overlay-type":"","overlay-color":"","overlay-opacity":"","overlay-gradient":""},"mobile":{"background-color":"","background-image":"","background-repeat":"repeat","background-position":"center center","background-size":"auto","background-attachment":"scroll","background-type":"","background-media":"","overlay-type":"","overlay-color":"","overlay-opacity":"","overlay-gradient":""}},"ast-content-background-meta":{"desktop":{"background-color":"var(--ast-global-color-5)","background-image":"","background-repeat":"repeat","background-position":"center center","background-size":"auto","background-attachment":"scroll","background-type":"","background-media":"","overlay-type":"","overlay-color":"","overlay-opacity":"","overlay-gradient":""},"tablet":{"background-color":"var(--ast-global-color-5)","background-image":"","background-repeat":"repeat","background-position":"center center","background-size":"auto","background-attachment":"scroll","background-type":"","background-media":"","overlay-type":"","overlay-color":"","overlay-opacity":"","overlay-gradient":""},"mobile":{"background-color":"var(--ast-global-color-5)","background-image":"","background-repeat":"repeat","background-position":"center center","background-size":"auto","background-attachment":"scroll","background-type":"","background-media":"","overlay-type":"","overlay-color":"","overlay-opacity":"","overlay-gradient":""}}},"product_brand":[],"product_cat":[78],"product_tag":[],"class_list":{"0":"post-5151","1":"product","2":"type-product","3":"status-publish","4":"has-post-thumbnail","6":"product_cat-clothing","7":"desktop-align-left","8":"tablet-align-left","9":"mobile-align-left","11":"first","12":"outofstock","13":"sale","14":"taxable","15":"shipping-taxable","16":"purchasable","17":"product-type-variable"},"yoast_head":"<!-- This site is optimized with the Yoast SEO plugin v27.5 - https:\/\/yoast.com\/product\/yoast-seo-wordpress\/ -->\n<title>JUGBITTEN Crew Louder - JUGBITTEN STORE<\/title>\n<meta name=\"robots\" content=\"index, follow, max-snippet:-1, max-image-preview:large, max-video-preview:-1\" \/>\n<link rel=\"canonical\" href=\"https:\/\/jugbitten.store\/en\/shop\/jugbitten-crew-louder\/\" \/>\n<meta property=\"og:locale\" content=\"en_US\" \/>\n<meta property=\"og:type\" content=\"article\" \/>\n<meta property=\"og:title\" content=\"JUGBITTEN Crew Louder - JUGBITTEN STORE\" \/>\n<meta property=\"og:description\" content=\"Crew Louder - Comfort, style and attitude Direct and prominent central print. The material, cut, and finish do their job \u2013 with clarity and edge.\" \/>\n<meta property=\"og:url\" content=\"https:\/\/jugbitten.store\/en\/shop\/jugbitten-crew-louder\/\" \/>\n<meta property=\"og:site_name\" content=\"JUGBITTEN STORE\" \/>\n<meta property=\"article:modified_time\" content=\"2025-11-20T13:28:36+00:00\" \/>\n<meta property=\"og:image\" content=\"https:\/\/jugbitten.store\/wp-content\/uploads\/2025\/07\/14.jpg\" \/>\n\t<meta property=\"og:image:width\" content=\"1200\" \/>\n\t<meta property=\"og:image:height\" content=\"1200\" \/>\n\t<meta property=\"og:image:type\" content=\"image\/jpeg\" \/>\n<meta name=\"twitter:card\" content=\"summary_large_image\" \/>\n<meta name=\"twitter:label1\" content=\"Est. reading time\" \/>\n\t<meta name=\"twitter:data1\" content=\"1 minute\" \/>\n<script type=\"application\/ld+json\" class=\"yoast-schema-graph\">{\"@context\":\"https:\\\/\\\/schema.org\",\"@graph\":[{\"@type\":\"WebPage\",\"@id\":\"https:\\\/\\\/jugbitten.store\\\/en\\\/shop\\\/jugbitten-crew-louder\\\/\",\"url\":\"https:\\\/\\\/jugbitten.store\\\/en\\\/shop\\\/jugbitten-crew-louder\\\/\",\"name\":\"JUGBITTEN Crew Louder - JUGBITTEN STORE\",\"isPartOf\":{\"@id\":\"https:\\\/\\\/jugbitten.store\\\/en\\\/#website\"},\"primaryImageOfPage\":{\"@id\":\"https:\\\/\\\/jugbitten.store\\\/en\\\/shop\\\/jugbitten-crew-louder\\\/#primaryimage\"},\"image\":{\"@id\":\"https:\\\/\\\/jugbitten.store\\\/en\\\/shop\\\/jugbitten-crew-louder\\\/#primaryimage\"},\"thumbnailUrl\":\"https:\\\/\\\/jugbitten.store\\\/wp-content\\\/uploads\\\/2025\\\/07\\\/14.jpg?wsr\",\"datePublished\":\"2025-07-28T07:48:01+00:00\",\"dateModified\":\"2025-11-20T13:28:36+00:00\",\"breadcrumb\":{\"@id\":\"https:\\\/\\\/jugbitten.store\\\/en\\\/shop\\\/jugbitten-crew-louder\\\/#breadcrumb\"},\"inLanguage\":\"en-US\",\"potentialAction\":[{\"@type\":\"ReadAction\",\"target\":[\"https:\\\/\\\/jugbitten.store\\\/en\\\/shop\\\/jugbitten-crew-louder\\\/\"]}]},{\"@type\":\"ImageObject\",\"inLanguage\":\"en-US\",\"@id\":\"https:\\\/\\\/jugbitten.store\\\/en\\\/shop\\\/jugbitten-crew-louder\\\/#primaryimage\",\"url\":\"https:\\\/\\\/jugbitten.store\\\/wp-content\\\/uploads\\\/2025\\\/07\\\/14.jpg?wsr\",\"contentUrl\":\"https:\\\/\\\/jugbitten.store\\\/wp-content\\\/uploads\\\/2025\\\/07\\\/14.jpg?wsr\",\"width\":1200,\"height\":1200,\"caption\":\"jugbitten crew louder\"},{\"@type\":\"BreadcrumbList\",\"@id\":\"https:\\\/\\\/jugbitten.store\\\/en\\\/shop\\\/jugbitten-crew-louder\\\/#breadcrumb\",\"itemListElement\":[{\"@type\":\"ListItem\",\"position\":1,\"name\":\"Etusivu\",\"item\":\"https:\\\/\\\/jugbitten.store\\\/en\\\/\"},{\"@type\":\"ListItem\",\"position\":2,\"name\":\"Shop at\",\"item\":\"https:\\\/\\\/jugbitten.store\\\/en\\\/shop-at\\\/\"},{\"@type\":\"ListItem\",\"position\":3,\"name\":\"JUGBITTEN Crew Louder\"}]},{\"@type\":\"WebSite\",\"@id\":\"https:\\\/\\\/jugbitten.store\\\/en\\\/#website\",\"url\":\"https:\\\/\\\/jugbitten.store\\\/en\\\/\",\"name\":\"JUGBITTEN STORE\",\"description\":\"Jugbitten - suomalaiset rannekellot\",\"publisher\":{\"@id\":\"https:\\\/\\\/jugbitten.store\\\/en\\\/#organization\"},\"potentialAction\":[{\"@type\":\"SearchAction\",\"target\":{\"@type\":\"EntryPoint\",\"urlTemplate\":\"https:\\\/\\\/jugbitten.store\\\/en\\\/?s={search_term_string}\"},\"query-input\":{\"@type\":\"PropertyValueSpecification\",\"valueRequired\":true,\"valueName\":\"search_term_string\"}}],\"inLanguage\":\"en-US\"},{\"@type\":\"Organization\",\"@id\":\"https:\\\/\\\/jugbitten.store\\\/en\\\/#organization\",\"name\":\"JUGBITTEN\",\"url\":\"https:\\\/\\\/jugbitten.store\\\/en\\\/\",\"logo\":{\"@type\":\"ImageObject\",\"inLanguage\":\"en-US\",\"@id\":\"https:\\\/\\\/jugbitten.store\\\/en\\\/#\\\/schema\\\/logo\\\/image\\\/\",\"url\":\"https:\\\/\\\/jugbitten.store\\\/wp-content\\\/uploads\\\/2025\\\/07\\\/cropped-Kopio_-vaatesuunnittelu-1000-x-1000-px-3000-x-1245-px-4500-x-3500-px-_20250717_120030_0000.png?wsr\",\"contentUrl\":\"https:\\\/\\\/jugbitten.store\\\/wp-content\\\/uploads\\\/2025\\\/07\\\/cropped-Kopio_-vaatesuunnittelu-1000-x-1000-px-3000-x-1245-px-4500-x-3500-px-_20250717_120030_0000.png?wsr\",\"width\":198,\"height\":150,\"caption\":\"JUGBITTEN\"},\"image\":{\"@id\":\"https:\\\/\\\/jugbitten.store\\\/en\\\/#\\\/schema\\\/logo\\\/image\\\/\"},\"sameAs\":[\"https:\\\/\\\/instagram.com\\\/jugbittenwatches\",\"https:\\\/\\\/tiktok.com\\\/@jugbittenwatches\",\"https:\\\/\\\/jugbitten.com\"]}]}<\/script>\n<!-- \/ Yoast SEO plugin. -->","yoast_head_json":{"title":"JUGBITTEN Crew Louder - JUGBITTEN STORE","robots":{"index":"index","follow":"follow","max-snippet":"max-snippet:-1","max-image-preview":"max-image-preview:large","max-video-preview":"max-video-preview:-1"},"canonical":"https:\/\/jugbitten.store\/en\/shop\/jugbitten-crew-louder\/","og_locale":"en_US","og_type":"article","og_title":"JUGBITTEN Crew Louder - JUGBITTEN STORE","og_description":"Crew Louder - Comfort, style and attitude Direct and prominent central print. The material, cut, and finish do their job \u2013 with clarity and edge.","og_url":"https:\/\/jugbitten.store\/en\/shop\/jugbitten-crew-louder\/","og_site_name":"JUGBITTEN STORE","article_modified_time":"2025-11-20T13:28:36+00:00","og_image":[{"width":1200,"height":1200,"url":"https:\/\/jugbitten.store\/wp-content\/uploads\/2025\/07\/14.jpg","type":"image\/jpeg"}],"twitter_card":"summary_large_image","twitter_misc":{"Est. reading time":"1 minute"},"schema":{"@context":"https:\/\/schema.org","@graph":[{"@type":"WebPage","@id":"https:\/\/jugbitten.store\/en\/shop\/jugbitten-crew-louder\/","url":"https:\/\/jugbitten.store\/en\/shop\/jugbitten-crew-louder\/","name":"JUGBITTEN Crew Louder - JUGBITTEN STORE","isPartOf":{"@id":"https:\/\/jugbitten.store\/en\/#website"},"primaryImageOfPage":{"@id":"https:\/\/jugbitten.store\/en\/shop\/jugbitten-crew-louder\/#primaryimage"},"image":{"@id":"https:\/\/jugbitten.store\/en\/shop\/jugbitten-crew-louder\/#primaryimage"},"thumbnailUrl":"https:\/\/jugbitten.store\/wp-content\/uploads\/2025\/07\/14.jpg?wsr","datePublished":"2025-07-28T07:48:01+00:00","dateModified":"2025-11-20T13:28:36+00:00","breadcrumb":{"@id":"https:\/\/jugbitten.store\/en\/shop\/jugbitten-crew-louder\/#breadcrumb"},"inLanguage":"en-US","potentialAction":[{"@type":"ReadAction","target":["https:\/\/jugbitten.store\/en\/shop\/jugbitten-crew-louder\/"]}]},{"@type":"ImageObject","inLanguage":"en-US","@id":"https:\/\/jugbitten.store\/en\/shop\/jugbitten-crew-louder\/#primaryimage","url":"https:\/\/jugbitten.store\/wp-content\/uploads\/2025\/07\/14.jpg?wsr","contentUrl":"https:\/\/jugbitten.store\/wp-content\/uploads\/2025\/07\/14.jpg?wsr","width":1200,"height":1200,"caption":"jugbitten crew louder"},{"@type":"BreadcrumbList","@id":"https:\/\/jugbitten.store\/en\/shop\/jugbitten-crew-louder\/#breadcrumb","itemListElement":[{"@type":"ListItem","position":1,"name":"Etusivu","item":"https:\/\/jugbitten.store\/en\/"},{"@type":"ListItem","position":2,"name":"Shop at","item":"https:\/\/jugbitten.store\/en\/shop-at\/"},{"@type":"ListItem","position":3,"name":"JUGBITTEN Crew Louder"}]},{"@type":"WebSite","@id":"https:\/\/jugbitten.store\/en\/#website","url":"https:\/\/jugbitten.store\/en\/","name":"JUGBITTEN STORE","description":"Jugbitten - suomalaiset rannekellot","publisher":{"@id":"https:\/\/jugbitten.store\/en\/#organization"},"potentialAction":[{"@type":"SearchAction","target":{"@type":"EntryPoint","urlTemplate":"https:\/\/jugbitten.store\/en\/?s={search_term_string}"},"query-input":{"@type":"PropertyValueSpecification","valueRequired":true,"valueName":"search_term_string"}}],"inLanguage":"en-US"},{"@type":"Organization","@id":"https:\/\/jugbitten.store\/en\/#organization","name":"JUGBITTEN","url":"https:\/\/jugbitten.store\/en\/","logo":{"@type":"ImageObject","inLanguage":"en-US","@id":"https:\/\/jugbitten.store\/en\/#\/schema\/logo\/image\/","url":"https:\/\/jugbitten.store\/wp-content\/uploads\/2025\/07\/cropped-Kopio_-vaatesuunnittelu-1000-x-1000-px-3000-x-1245-px-4500-x-3500-px-_20250717_120030_0000.png?wsr","contentUrl":"https:\/\/jugbitten.store\/wp-content\/uploads\/2025\/07\/cropped-Kopio_-vaatesuunnittelu-1000-x-1000-px-3000-x-1245-px-4500-x-3500-px-_20250717_120030_0000.png?wsr","width":198,"height":150,"caption":"JUGBITTEN"},"image":{"@id":"https:\/\/jugbitten.store\/en\/#\/schema\/logo\/image\/"},"sameAs":["https:\/\/instagram.com\/jugbittenwatches","https:\/\/tiktok.com\/@jugbittenwatches","https:\/\/jugbitten.com"]}]}},"jetpack_sharing_enabled":true,"_links":{"self":[{"href":"https:\/\/jugbitten.store\/en\/wp-json\/wp\/v2\/product\/5151","targetHints":{"allow":["GET"]}}],"collection":[{"href":"https:\/\/jugbitten.store\/en\/wp-json\/wp\/v2\/product"}],"about":[{"href":"https:\/\/jugbitten.store\/en\/wp-json\/wp\/v2\/types\/product"}],"replies":[{"embeddable":true,"href":"https:\/\/jugbitten.store\/en\/wp-json\/wp\/v2\/comments?post=5151"}],"version-history":[{"count":0,"href":"https:\/\/jugbitten.store\/en\/wp-json\/wp\/v2\/product\/5151\/revisions"}],"wp:featuredmedia":[{"embeddable":true,"href":"https:\/\/jugbitten.store\/en\/wp-json\/wp\/v2\/media\/5221"}],"wp:attachment":[{"href":"https:\/\/jugbitten.store\/en\/wp-json\/wp\/v2\/media?parent=5151"}],"wp:term":[{"taxonomy":"product_brand","embeddable":true,"href":"https:\/\/jugbitten.store\/en\/wp-json\/wp\/v2\/product_brand?post=5151"},{"taxonomy":"product_cat","embeddable":true,"href":"https:\/\/jugbitten.store\/en\/wp-json\/wp\/v2\/product_cat?post=5151"},{"taxonomy":"product_tag","embeddable":true,"href":"https:\/\/jugbitten.store\/en\/wp-json\/wp\/v2\/product_tag?post=5151"}],"curies":[{"name":"wp","href":"https:\/\/api.w.org\/{rel}","templated":true}]}}